{"id":9502,"date":"2024-12-23T20:56:32","date_gmt":"2024-12-23T19:56:32","guid":{"rendered":"https:\/\/povijest.net\/ca\/?page_id=9502"},"modified":"2024-12-23T20:56:38","modified_gmt":"2024-12-23T19:56:38","slug":"blog","status":"publish","type":"page","link":"https:\/\/povijest.net\/ca\/blog\/","title":{"rendered":"Blog"},"content":{"rendered":"\n<p>Informacije i novosti o radu Clionaut Akademije<\/p>\n\n\n<div class='pt-cv-wrapper'> <div class=\"pt-cv-view pt-cv-blockgrid iscvblock iscvreal list1 layout1\" id=\"pt-cv-view-6tqae9eg\"><div data-id=\"pt-cv-page-1\" class=\"pt-cv-page\" data-cvc=\"2\"><div class=\" pt-cv-content-item pt-cv-2-col\" ><div class=\"pt-cv-thumb-wrapper pull-left \"><a href=\"https:\/\/povijest.net\/ca\/2025\/prva-sezona-online-tecajeva-clionaut-akademije\/\" class=\"_self pt-cv-href-thumbnail pt-cv-thumb-left\" target=\"_self\" ><img loading=\"lazy\" decoding=\"async\" width=\"768\" height=\"512\" src=\"https:\/\/povijest.net\/ca\/wp-content\/uploads\/2025\/07\/CA-CDUU-tecajevi-768x512.jpg\" class=\"pt-cv-thumbnail pull-left\" alt=\"\" \/><\/a><\/div>\n<div class=\"pt-cv-colwrap\"><h4 class=\"pt-cv-title\"><a href=\"https:\/\/povijest.net\/ca\/2025\/prva-sezona-online-tecajeva-clionaut-akademije\/\" class=\"_self\" target=\"_self\" >Prva sezona online te\u010dajeva Clionaut Akademije<\/a><\/h4><div class=\"pt-cv-content\">Clionaut Akademija i ove \u0161kolske godine donosi niz zanimljivih i pou\u010dnih online te\u010dajeva za u\u010ditelje, u\u010denike i sve zainteresirane za &#8230;<\/div><div class=\"pt-cv-rmwrap\"><a href=\"https:\/\/povijest.net\/ca\/2025\/prva-sezona-online-tecajeva-clionaut-akademije\/\" class=\"_self pt-cv-readmore btn btn-success\" target=\"_self\" >Pro\u010ditaj Vi\u0161e\u2026<\/a><\/div><\/div><\/div>\n<div class=\" pt-cv-content-item pt-cv-2-col\" ><div class=\"pt-cv-thumb-wrapper pull-left \"><a href=\"https:\/\/povijest.net\/ca\/2025\/povijest-u-malim-i-kreativnim-koracima\/\" class=\"_self pt-cv-href-thumbnail pt-cv-thumb-left\" target=\"_self\" ><img loading=\"lazy\" decoding=\"async\" width=\"768\" height=\"512\" src=\"https:\/\/povijest.net\/ca\/wp-content\/uploads\/2025\/07\/pov-5-tecajevi-768x512.jpg\" class=\"pt-cv-thumbnail pull-left\" alt=\"\" \/><\/a><\/div>\n<div class=\"pt-cv-colwrap\"><h4 class=\"pt-cv-title\"><a href=\"https:\/\/povijest.net\/ca\/2025\/povijest-u-malim-i-kreativnim-koracima\/\" class=\"_self\" target=\"_self\" >Povijest u malim i kreativnim koracima \u2013 podr\u0161ka u\u010denicima, roditeljima i u\u010diteljima<\/a><\/h4><div class=\"pt-cv-content\">Clionaut Akademija s ponosom predstavlja dva nova online te\u010daja iz povijesti za 5. razred osnovne \u0161kole. Bilo da va\u0161em djetetu &#8230;<\/div><div class=\"pt-cv-rmwrap\"><a href=\"https:\/\/povijest.net\/ca\/2025\/povijest-u-malim-i-kreativnim-koracima\/\" class=\"_self pt-cv-readmore btn btn-success\" target=\"_self\" >Pro\u010ditaj Vi\u0161e\u2026<\/a><\/div><\/div><\/div>\n<div class=\" pt-cv-content-item pt-cv-2-col\" ><div class=\"pt-cv-thumb-wrapper pull-left \"><a href=\"https:\/\/povijest.net\/ca\/2025\/platforma-klio-punopravni-clan-euroclio-a\/\" class=\"_self pt-cv-href-thumbnail pt-cv-thumb-left\" target=\"_self\" ><img loading=\"lazy\" decoding=\"async\" width=\"768\" height=\"442\" src=\"https:\/\/povijest.net\/ca\/wp-content\/uploads\/2025\/04\/platforma-euroclio-768x442.jpg\" class=\"pt-cv-thumbnail pull-left\" alt=\"\" \/><\/a><\/div>\n<div class=\"pt-cv-colwrap\"><h4 class=\"pt-cv-title\"><a href=\"https:\/\/povijest.net\/ca\/2025\/platforma-klio-punopravni-clan-euroclio-a\/\" class=\"_self\" target=\"_self\" >Platforma Klio punopravni \u010dlan EUROCLIO-a<\/a><\/h4><div class=\"pt-cv-content\">Platforma Klio, osnovana 2021., od srpnja 2023. registrirana je kao neprofitna udruga gra\u0111ana s ciljem unapre\u0111enja pou\u010davanja povijesti kroz interdisciplinarne &#8230;<\/div><div class=\"pt-cv-rmwrap\"><a href=\"https:\/\/povijest.net\/ca\/2025\/platforma-klio-punopravni-clan-euroclio-a\/\" class=\"_self pt-cv-readmore btn btn-success\" target=\"_self\" >Pro\u010ditaj Vi\u0161e\u2026<\/a><\/div><\/div><\/div>\n<div class=\" pt-cv-content-item pt-cv-2-col\" ><div class=\"pt-cv-thumb-wrapper pull-left \"><a href=\"https:\/\/povijest.net\/ca\/2025\/predavanjem-o-mentalnom-zdravlju-otvorili-smo-novu-sezonu-edukacija\/\" class=\"_self pt-cv-href-thumbnail pt-cv-thumb-left\" target=\"_self\" ><img loading=\"lazy\" decoding=\"async\" width=\"768\" height=\"431\" src=\"https:\/\/povijest.net\/ca\/wp-content\/uploads\/2025\/01\/briga-naslovnica-1180-768x431.jpg\" class=\"pt-cv-thumbnail pull-left\" alt=\"\" \/><\/a><\/div>\n<div class=\"pt-cv-colwrap\"><h4 class=\"pt-cv-title\"><a href=\"https:\/\/povijest.net\/ca\/2025\/predavanjem-o-mentalnom-zdravlju-otvorili-smo-novu-sezonu-edukacija\/\" class=\"_self\" target=\"_self\" >Predavanjem o mentalnom zdravlju otvorili smo novu sezonu edukacija<\/a><\/h4><div class=\"pt-cv-content\">Ve\u010deras smo otvorili novu godinu usavr\u0161avanja u\u010ditelja i nastavnika Povijesti predavanjem o mentalnom zdravlju u\u010denika. U vi\u0161e od osamdesetak minuta &#8230;<\/div><div class=\"pt-cv-rmwrap\"><a href=\"https:\/\/povijest.net\/ca\/2025\/predavanjem-o-mentalnom-zdravlju-otvorili-smo-novu-sezonu-edukacija\/\" class=\"_self pt-cv-readmore btn btn-success\" target=\"_self\" >Pro\u010ditaj Vi\u0161e\u2026<\/a><\/div><\/div><\/div>\n<div class=\" pt-cv-content-item pt-cv-2-col\" ><div class=\"pt-cv-thumb-wrapper pull-left \"><a href=\"https:\/\/povijest.net\/ca\/2024\/clionaut-akademija-2025-pogled-u-buducnost\/\" class=\"_self pt-cv-href-thumbnail pt-cv-thumb-left\" target=\"_self\" ><img loading=\"lazy\" decoding=\"async\" width=\"768\" height=\"430\" src=\"https:\/\/povijest.net\/ca\/wp-content\/uploads\/2024\/12\/clionaut-2025-struktura-768x430.jpg\" class=\"pt-cv-thumbnail pull-left\" alt=\"Clionaut Akademija 2025 - pogled u budu\u0107nost\" \/><\/a><\/div>\n<div class=\"pt-cv-colwrap\"><h4 class=\"pt-cv-title\"><a href=\"https:\/\/povijest.net\/ca\/2024\/clionaut-akademija-2025-pogled-u-buducnost\/\" class=\"_self\" target=\"_self\" >Clionaut Akademija 2025 &#8211; pogled u budu\u0107nost<\/a><\/h4><div class=\"pt-cv-content\">Krajem svake godine podvla\u010dimo ra\u010dune i radimo grandiozne planove za novu godinu pred nama. Projekt Clionaut Akademije krenuo je svoj &#8230;<\/div><div class=\"pt-cv-rmwrap\"><a href=\"https:\/\/povijest.net\/ca\/2024\/clionaut-akademija-2025-pogled-u-buducnost\/\" class=\"_self pt-cv-readmore btn btn-success\" target=\"_self\" >Pro\u010ditaj Vi\u0161e\u2026<\/a><\/div><\/div><\/div>\n<div class=\" pt-cv-content-item pt-cv-2-col\" ><div class=\"pt-cv-thumb-wrapper pull-left \"><a href=\"https:\/\/povijest.net\/ca\/2024\/ukrasimo-clionautovo-bozicno-drvce-zajedno\/\" class=\"_self pt-cv-href-thumbnail pt-cv-thumb-left\" target=\"_self\" ><img loading=\"lazy\" decoding=\"async\" width=\"768\" height=\"768\" src=\"https:\/\/povijest.net\/ca\/wp-content\/uploads\/edd\/2024\/12\/clionautovo-bozicno-prazno-768x768.jpg\" class=\"pt-cv-thumbnail pull-left\" alt=\"Clionautovo bo\u017ei\u0107no drvce\" \/><\/a><\/div>\n<div class=\"pt-cv-colwrap\"><h4 class=\"pt-cv-title\"><a href=\"https:\/\/povijest.net\/ca\/2024\/ukrasimo-clionautovo-bozicno-drvce-zajedno\/\" class=\"_self\" target=\"_self\" >Ukrasimo Clionautovo bo\u017ei\u0107no drvce zajedno!<\/a><\/h4><div class=\"pt-cv-content\">Clionaut Akademija ove godine priprema posebno bo\u017ei\u0107no drvce, ali\u2026 trebamo va\u0161u pomo\u0107! \ud83c\udf32\ud83c\udf1f\ud83c\udf32 &#8230;<\/div><div class=\"pt-cv-rmwrap\"><a href=\"https:\/\/povijest.net\/ca\/2024\/ukrasimo-clionautovo-bozicno-drvce-zajedno\/\" class=\"_self pt-cv-readmore btn btn-success\" target=\"_self\" >Pro\u010ditaj Vi\u0161e\u2026<\/a><\/div><\/div><\/div><\/div><\/div>\n<div class=\" pt-cv-pagination-wrapper\"><ul class=\"pt-cv-pagination pt-cv-ajax pagination\" data-totalpages=\"3\" data-currentpage=\"1\" data-sid=\"6tqae9eg\" data-unid=\"\" data-isblock=\"list1\" data-postid=\"0\"><li class=\"active\"><a href=\"#\">1<\/a><\/li>\n\t<li ><a class=\"\" href=\"https:\/\/povijest.net\/ca\/wp-json\/wp\/v2\/pages\/9502\/?_page=2\">2<\/a><\/li>\n\t<li ><a class=\"\" href=\"https:\/\/povijest.net\/ca\/wp-json\/wp\/v2\/pages\/9502\/?_page=3\">3<\/a><\/li>\n\t<li ><a class=\" \" href=\"https:\/\/povijest.net\/ca\/wp-json\/wp\/v2\/pages\/9502\/?_page=2\">&rsaquo;<\/a><\/li>\n\t<\/ul><img loading=\"lazy\" decoding=\"async\" width=\"15\" height=\"15\" class=\"pt-cv-spinner\" alt=\"Loading...\" src=\"data:image\/gif;base64,R0lGODlhDwAPALMPAMrKygwMDJOTkz09PZWVla+vr3p6euTk5M7OzuXl5TMzMwAAAJmZmWZmZszMzP\/\/\/yH\/C05FVFNDQVBFMi4wAwEAAAAh+QQFCgAPACwAAAAADwAPAAAEQvDJaZaZOIcV8iQK8VRX4iTYoAwZ4iCYoAjZ4RxejhVNoT+mRGP4cyF4Pp0N98sBGIBMEMOotl6YZ3S61Bmbkm4mAgAh+QQFCgAPACwAAAAADQANAAAENPDJSRSZeA418itN8QiK8BiLITVsFiyBBIoYqnoewAD4xPw9iY4XLGYSjkQR4UAUD45DLwIAIfkEBQoADwAsAAAAAA8ACQAABC\/wyVlamTi3nSdgwFNdhEJgTJoNyoB9ISYoQmdjiZPcj7EYCAeCF1gEDo4Dz2eIAAAh+QQFCgAPACwCAAAADQANAAAEM\/DJBxiYeLKdX3IJZT1FU0iIg2RNKx3OkZVnZ98ToRD4MyiDnkAh6BkNC0MvsAj0kMpHBAAh+QQFCgAPACwGAAAACQAPAAAEMDC59KpFDll73HkAA2wVY5KgiK5b0RRoI6MuzG6EQqCDMlSGheEhUAgqgUUAFRySIgAh+QQFCgAPACwCAAIADQANAAAEM\/DJKZNLND\/kkKaHc3xk+QAMYDKsiaqmZCxGVjSFFCxB1vwy2oOgIDxuucxAMTAJFAJNBAAh+QQFCgAPACwAAAYADwAJAAAEMNAs86q1yaWwwv2Ig0jUZx3OYa4XoRAfwADXoAwfo1+CIjyFRuEho60aSNYlOPxEAAAh+QQFCgAPACwAAAIADQANAAAENPA9s4y8+IUVcqaWJ4qEQozSoAzoIyhCK2NFU2SJk0hNnyEOhKR2AzAAj4Pj4GE4W0bkJQIAOw==\" \/><div class=\"clear pt-cv-clear-pagination\"><\/div><\/div> <\/div> <style>\n\n#pt-cv-view-6tqae9eg .pt-cv-meta-fields {  }#pt-cv-view-6tqae9eg .pt-cv-meta-fields * { font-size: 13px; }#pt-cv-view-6tqae9eg .pt-cv-thumb-wrapper:not(.miniwrap) { width: 40%; }#pt-cv-view-6tqae9eg .pt-cv-thumbnail:not(.pt-cv-thumbnailsm) { height: 300px; }#pt-cv-view-6tqae9eg .pt-cv-title a { display: block; }#pt-cv-view-6tqae9eg .pt-cv-title:not(.pt-cv-titlesm) a { font-weight: 600;text-decoration: none;font-size: 22px; }#pt-cv-view-6tqae9eg .pt-cv-titlesm a { font-weight: 600;font-size: 18px; }#pt-cv-view-6tqae9eg .pt-cv-content { font-size: 15px; }#pt-cv-view-6tqae9eg .pt-cv-rmwrap {  }#pt-cv-view-6tqae9eg .pt-cv-readmore { color: #fff;background-color: #0075ff;font-size: 14px; }#pt-cv-view-6tqae9eg .pt-cv-taxoterm {  }#pt-cv-view-6tqae9eg .pt-cv-taxoterm * { color: #222;background-color: #fff6f6;font-size: 14px; }#pt-cv-view-6tqae9eg + .pt-cv-pagination-wrapper {  }#pt-cv-view-6tqae9eg + .pt-cv-pagination-wrapper a { font-size: 14px; }#pt-cv-view-6tqae9eg > .pt-cv-page {grid-template-columns: repeat(2, 1fr);grid-gap: 20px;}\n@media all and (max-width: 1024px) { \n#pt-cv-view-6tqae9eg > .pt-cv-page {grid-template-columns: repeat(1, 1fr);}\n} \n@media all and (max-width: 767px) { \n#pt-cv-view-6tqae9eg > .pt-cv-page {grid-template-columns: repeat(1, 1fr);}\n} <\/style>","protected":false},"excerpt":{"rendered":"<p>Informacije i novosti o radu Clionaut Akademije<\/p>\n","protected":false},"author":1,"featured_media":0,"parent":0,"menu_order":0,"comment_status":"closed","ping_status":"closed","template":"","meta":{"_EventAllDay":false,"_EventTimezone":"","_EventStartDate":"","_EventEndDate":"","_EventStartDateUTC":"","_EventEndDateUTC":"","_EventShowMap":false,"_EventShowMapLink":false,"_EventURL":"","_EventCost":"","_EventCostDescription":"","_EventCurrencySymbol":"","_EventCurrencyCode":"","_EventCurrencyPosition":"","_EventDateTimeSeparator":"","_EventTimeRangeSeparator":"","_EventOrganizerID":[],"_EventVenueID":[],"_OrganizerEmail":"","_OrganizerPhone":"","_OrganizerWebsite":"","_VenueAddress":"","_VenueCity":"","_VenueCountry":"","_VenueProvince":"","_VenueState":"","_VenueZip":"","_VenuePhone":"","_VenueURL":"","_VenueStateProvince":"","_VenueLat":"","_VenueLng":"","_VenueShowMap":false,"_VenueShowMapLink":false,"footnotes":""},"class_list":["post-9502","page","type-page","status-publish","hentry"],"_links":{"self":[{"href":"https:\/\/povijest.net\/ca\/wp-json\/wp\/v2\/pages\/9502","targetHints":{"allow":["GET"]}}],"collection":[{"href":"https:\/\/povijest.net\/ca\/wp-json\/wp\/v2\/pages"}],"about":[{"href":"https:\/\/povijest.net\/ca\/wp-json\/wp\/v2\/types\/page"}],"author":[{"embeddable":true,"href":"https:\/\/povijest.net\/ca\/wp-json\/wp\/v2\/users\/1"}],"replies":[{"embeddable":true,"href":"https:\/\/povijest.net\/ca\/wp-json\/wp\/v2\/comments?post=9502"}],"version-history":[{"count":2,"href":"https:\/\/povijest.net\/ca\/wp-json\/wp\/v2\/pages\/9502\/revisions"}],"predecessor-version":[{"id":9504,"href":"https:\/\/povijest.net\/ca\/wp-json\/wp\/v2\/pages\/9502\/revisions\/9504"}],"wp:attachment":[{"href":"https:\/\/povijest.net\/ca\/wp-json\/wp\/v2\/media?parent=9502"}],"curies":[{"name":"wp","href":"https:\/\/api.w.org\/{rel}","templated":true}]}}