{"id":9462,"date":"2024-12-23T19:16:24","date_gmt":"2024-12-23T18:16:24","guid":{"rendered":"https:\/\/povijest.net\/ca\/?page_id=9462"},"modified":"2026-03-18T12:34:26","modified_gmt":"2026-03-18T11:34:26","slug":"cilj-projekta","status":"publish","type":"page","link":"https:\/\/povijest.net\/ca\/cilj-projekta\/","title":{"rendered":"Cilj projekta Clionaut Akademija"},"content":{"rendered":"\n<p>Raznovrsnost obrazovnih sadr\u017eaja uz brojne \u010dlanke uklju\u010duje te\u010dajeve i edukacije te repozitorij nastavnog materijala. Stvaranje sadr\u017eaja vo\u0111eno je potrebama zajednice i povratnim informacijama koje se prikupljaju. To zna\u010di da je temelj kreiranja sadr\u017eaja\u00a0<strong>temeljen na slu\u017ebenim kurikulumima<\/strong>\u00a0Povijesti,\u00a0<strong>prilago\u0111en potrebama u\u010denika<\/strong>\u00a0u razredu\u00a0<strong>i potrebama u\u010ditelja<\/strong>. <\/p>\n\n\n\n<!--more-->\n\n\n\n<p>Korisnici mogu i <a href=\"https:\/\/povijest.net\/ca\/o-projektu\/zahtjev-za-nastavnim-materijalom-ili-edukacijom\/\">zatra\u017eiti materijale <\/a>koji su im potrebni i koje \u017eele da se izrade.<\/p>\n\n\n\n<div class=\"wp-block-columns is-layout-flex wp-container-core-columns-is-layout-28f84493 wp-block-columns-is-layout-flex\">\n<div class=\"wp-block-column is-layout-flow wp-block-column-is-layout-flow\">\n<p>Premda \u0107e znatan dio sadr\u017eaja uvijek ostati otvorenog tipa (<a href=\"https:\/\/creativecommons.org\/licenses\/by-nc-sa\/4.0\/deed.hr\">CC BY-NC-SA 4.0<\/a>) dio aktivnosti se napla\u0107uje kao\u00a0pojedina\u010dne kupnje\u00a0ili\u00a0kao \u010dlanske pretplate. Tako samo<strong> \u010dlanovi imaju pristup odre\u0111enim dijelovima i nastavnim materijalima ili \u0107e ih koristiti uz popuste<\/strong>. <\/p>\n\n\n\n<p>Oslanjaju\u0107i se na financiranje zajednice, platforma mo\u017ee pru\u017eiti visokokvalitetne obrazovne resurse po ni\u017eoj cijeni. Ovo demokratizira pristup obrazovanju i poma\u017ee u premo\u0161\u0107ivanju jaza za nedovoljno zastupljene ili nedovoljno opslu\u017eene zajednice. Model koji financira zajednica uskla\u0111en je s <strong>vrijednostima otvorenoga pristupa, jednakosti i cjelo\u017eivotnog u\u010denja<\/strong>.<\/p>\n<\/div>\n\n\n\n<div class=\"wp-block-column is-layout-flow wp-block-column-is-layout-flow\">\n<figure class=\"wp-block-image size-full\"><img loading=\"lazy\" decoding=\"async\" width=\"500\" height=\"500\" src=\"https:\/\/povijest.net\/ca\/wp-content\/uploads\/2024\/12\/ucenik-razdoblja-kvadrat-24-clionaut-1.jpg\" alt=\"\" class=\"wp-image-1473\" srcset=\"https:\/\/povijest.net\/ca\/wp-content\/uploads\/2024\/12\/ucenik-razdoblja-kvadrat-24-clionaut-1.jpg 500w, https:\/\/povijest.net\/ca\/wp-content\/uploads\/2024\/12\/ucenik-razdoblja-kvadrat-24-clionaut-1-300x300.jpg 300w, https:\/\/povijest.net\/ca\/wp-content\/uploads\/2024\/12\/ucenik-razdoblja-kvadrat-24-clionaut-1-150x150.jpg 150w\" sizes=\"auto, (max-width: 500px) 100vw, 500px\" \/><\/figure>\n<\/div>\n<\/div>\n","protected":false},"excerpt":{"rendered":"<p>Raznovrsnost obrazovnih sadr\u017eaja uz brojne \u010dlanke uklju\u010duje te\u010dajeve i edukacije te repozitorij nastavnog materijala. Stvaranje sadr\u017eaja vo\u0111eno je potrebama zajednice i povratnim informacijama koje se prikupljaju. To zna\u010di da je [&hellip;]<\/p>\n","protected":false},"author":1,"featured_media":0,"parent":0,"menu_order":0,"comment_status":"closed","ping_status":"closed","template":"","meta":{"_EventAllDay":false,"_EventTimezone":"","_EventStartDate":"","_EventEndDate":"","_EventStartDateUTC":"","_EventEndDateUTC":"","_EventShowMap":false,"_EventShowMapLink":false,"_EventURL":"","_EventCost":"","_EventCostDescription":"","_EventCurrencySymbol":"","_EventCurrencyCode":"","_EventCurrencyPosition":"","_EventDateTimeSeparator":"","_EventTimeRangeSeparator":"","_EventOrganizerID":[],"_EventVenueID":[],"_OrganizerEmail":"","_OrganizerPhone":"","_OrganizerWebsite":"","_VenueAddress":"","_VenueCity":"","_VenueCountry":"","_VenueProvince":"","_VenueState":"","_VenueZip":"","_VenuePhone":"","_VenueURL":"","_VenueStateProvince":"","_VenueLat":"","_VenueLng":"","_VenueShowMap":false,"_VenueShowMapLink":false,"footnotes":""},"class_list":["post-9462","page","type-page","status-publish","hentry"],"_links":{"self":[{"href":"https:\/\/povijest.net\/ca\/wp-json\/wp\/v2\/pages\/9462","targetHints":{"allow":["GET"]}}],"collection":[{"href":"https:\/\/povijest.net\/ca\/wp-json\/wp\/v2\/pages"}],"about":[{"href":"https:\/\/povijest.net\/ca\/wp-json\/wp\/v2\/types\/page"}],"author":[{"embeddable":true,"href":"https:\/\/povijest.net\/ca\/wp-json\/wp\/v2\/users\/1"}],"replies":[{"embeddable":true,"href":"https:\/\/povijest.net\/ca\/wp-json\/wp\/v2\/comments?post=9462"}],"version-history":[{"count":3,"href":"https:\/\/povijest.net\/ca\/wp-json\/wp\/v2\/pages\/9462\/revisions"}],"predecessor-version":[{"id":13373,"href":"https:\/\/povijest.net\/ca\/wp-json\/wp\/v2\/pages\/9462\/revisions\/13373"}],"wp:attachment":[{"href":"https:\/\/povijest.net\/ca\/wp-json\/wp\/v2\/media?parent=9462"}],"curies":[{"name":"wp","href":"https:\/\/api.w.org\/{rel}","templated":true}]}}