{"id":6757,"date":"2024-12-08T17:56:27","date_gmt":"2024-12-08T16:56:27","guid":{"rendered":"https:\/\/povijest.net\/ca\/?page_id=6757"},"modified":"2024-12-08T17:59:38","modified_gmt":"2024-12-08T16:59:38","slug":"povrat-novca","status":"publish","type":"page","link":"https:\/\/povijest.net\/ca\/shop\/povrat-novca\/","title":{"rendered":"Povrat novca"},"content":{"rendered":"\n<p>Vjerujemo u kvalitetu na\u0161ih online usluga i materijala i zato vam nudimo<strong> jamstvo povrata novca<\/strong> u slu\u010daju da niste zadovoljni. Imajte da umu da smo za pripremu svih digitalnih sadr\u017eaja potro\u0161ili izvjestan broj sati i dana te da se za predavanja i radionice unaprijed moramo pripremiti.<\/p>\n\n\n\n<div class=\"wp-block-columns is-layout-flex wp-container-core-columns-is-layout-28f84493 wp-block-columns-is-layout-flex\">\n<div class=\"wp-block-column is-layout-flow wp-block-column-is-layout-flow\" style=\"flex-basis:66.66%\">\n<p>Zahtjev za povratom novca potrebno je poslati e\u2011po\u0161tom ili koriste\u0107i obrazac <a href=\"https:\/\/povijest.net\/ca\/o-projektu\/kontakt\/\">na stranici Kontakt<\/a> <strong>najkasnije \u010detrnaest (14) dana<\/strong> od dana kupovine. To se odnosi na 14 kalendarskih dana bez obzira na radne dane, blagdane, praznike i sl.<\/p>\n\n\n\n<p>Zakon zaprimljenog zahtjeva poku\u0161ati \u0107emo odgovoriti unutar 48 sati tijekom radnih dana. Po odobrenju zahtjeva za povrat sredstva se ispla\u0107uju na isto sredstvo pla\u0107anja s kojeg ste izvr\u0161ili uplatu.<\/p>\n<\/div>\n\n\n\n<div class=\"wp-block-column is-layout-flow wp-block-column-is-layout-flow\" style=\"flex-basis:33.33%\">\n<figure class=\"wp-block-image size-full\"><img loading=\"lazy\" decoding=\"async\" width=\"305\" height=\"249\" src=\"https:\/\/povijest.net\/ca\/wp-content\/uploads\/2024\/12\/refund.jpg\" alt=\"Povrat novca\" class=\"wp-image-6758\" srcset=\"https:\/\/povijest.net\/ca\/wp-content\/uploads\/2024\/12\/refund.jpg 305w, https:\/\/povijest.net\/ca\/wp-content\/uploads\/2024\/12\/refund-300x245.jpg 300w\" sizes=\"auto, (max-width: 305px) 100vw, 305px\" \/><\/figure>\n<\/div>\n<\/div>\n\n\n\n<div style=\"height:20px\" aria-hidden=\"true\" class=\"wp-block-spacer\"><\/div>\n\n\n\n<p>Jamstvo povrata novca <strong>nije <\/strong>mogu\u0107e iskoristiti:<\/p>\n\n\n\n<ul class=\"wp-block-list\">\n<li>sukladno <a href=\"https:\/\/www.ecc-croatia.hr\/\" target=\"_blank\" rel=\"noreferrer noopener\">EU za\u0161titi potro\u0161a\u010da<\/a> ne mo\u017eete vratiti proizvod koji je izra\u0111en prema va\u0161im specifikacijama, ili od kupovine proizvoda koji je jasno personaliziran prema va\u0161im zahtjevima;<\/li>\n\n\n\n<li>ako ste ve\u0107 preuzeli (<em>download<\/em>) materijale na svoje ra\u010dunalo;<\/li>\n\n\n\n<li>tijekom ili nakon odr\u017eavanja predavanja (bilo u\u017eivo ili online) ili u procesu odr\u017eavanja online te\u010daja koji uklju\u010duje moderaciju u\u017eivo;<\/li>\n\n\n\n<li>nakon dogovorenog individualnog termina (za paket manji od 5 termina &#8211; pretpostavljamo da nakon prvog termina ve\u0107 znate odgovara li vam na\u0161 na\u010din rada);<\/li>\n\n\n\n<li>za predavanja ili radionice unutar 48 sata od planiranog odr\u017eavanja.<\/li>\n<\/ul>\n\n\n\n<p>Kod ovih slu\u010dajeva nemogu\u0107nosti povrata prije svega se radi o me\u0111usobnom po\u0161tivanju dogovora, utro\u0161enog vremena i planiranja aktivnosti.<\/p>\n\n\n\n<p>Ova pravila su objavljena 27. kolovoza 2024.<\/p>\n","protected":false},"excerpt":{"rendered":"<p>Vjerujemo u kvalitetu na\u0161ih online usluga i materijala i zato vam nudimo jamstvo povrata novca u slu\u010daju da niste zadovoljni. Imajte da umu da smo za pripremu svih digitalnih sadr\u017eaja [&hellip;]<\/p>\n","protected":false},"author":1,"featured_media":0,"parent":85,"menu_order":0,"comment_status":"closed","ping_status":"closed","template":"","meta":{"_EventAllDay":false,"_EventTimezone":"","_EventStartDate":"","_EventEndDate":"","_EventStartDateUTC":"","_EventEndDateUTC":"","_EventShowMap":false,"_EventShowMapLink":false,"_EventURL":"","_EventCost":"","_EventCostDescription":"","_EventCurrencySymbol":"","_EventCurrencyCode":"","_EventCurrencyPosition":"","_EventDateTimeSeparator":"","_EventTimeRangeSeparator":"","_EventOrganizerID":[],"_EventVenueID":[],"_OrganizerEmail":"","_OrganizerPhone":"","_OrganizerWebsite":"","_VenueAddress":"","_VenueCity":"","_VenueCountry":"","_VenueProvince":"","_VenueState":"","_VenueZip":"","_VenuePhone":"","_VenueURL":"","_VenueStateProvince":"","_VenueLat":"","_VenueLng":"","_VenueShowMap":false,"_VenueShowMapLink":false,"footnotes":""},"class_list":["post-6757","page","type-page","status-publish","hentry"],"_links":{"self":[{"href":"https:\/\/povijest.net\/ca\/wp-json\/wp\/v2\/pages\/6757","targetHints":{"allow":["GET"]}}],"collection":[{"href":"https:\/\/povijest.net\/ca\/wp-json\/wp\/v2\/pages"}],"about":[{"href":"https:\/\/povijest.net\/ca\/wp-json\/wp\/v2\/types\/page"}],"author":[{"embeddable":true,"href":"https:\/\/povijest.net\/ca\/wp-json\/wp\/v2\/users\/1"}],"replies":[{"embeddable":true,"href":"https:\/\/povijest.net\/ca\/wp-json\/wp\/v2\/comments?post=6757"}],"version-history":[{"count":3,"href":"https:\/\/povijest.net\/ca\/wp-json\/wp\/v2\/pages\/6757\/revisions"}],"predecessor-version":[{"id":6762,"href":"https:\/\/povijest.net\/ca\/wp-json\/wp\/v2\/pages\/6757\/revisions\/6762"}],"up":[{"embeddable":true,"href":"https:\/\/povijest.net\/ca\/wp-json\/wp\/v2\/pages\/85"}],"wp:attachment":[{"href":"https:\/\/povijest.net\/ca\/wp-json\/wp\/v2\/media?parent=6757"}],"curies":[{"name":"wp","href":"https:\/\/api.w.org\/{rel}","templated":true}]}}