{"id":6660,"date":"2024-12-08T14:49:48","date_gmt":"2024-12-08T13:49:48","guid":{"rendered":"https:\/\/povijest.net\/ca\/?page_id=6660"},"modified":"2025-07-18T08:01:40","modified_gmt":"2025-07-18T06:01:40","slug":"tko-je-clionaut","status":"publish","type":"page","link":"https:\/\/povijest.net\/ca\/tko-je-clionaut\/","title":{"rendered":"Tko je Clionaut?"},"content":{"rendered":"\n<div class=\"wp-block-columns is-layout-flex wp-container-core-columns-is-layout-28f84493 wp-block-columns-is-layout-flex\">\n<div class=\"wp-block-column is-layout-flow wp-block-column-is-layout-flow\" style=\"flex-basis:66.66%\">\n<p><strong>Miljenko Hajdarovi\u0107<\/strong>&nbsp;je profesor povijesti i sociologije diplomirao 2005. na Filozofskom fakultetu u Zagrebu. Trenutno je <strong>doktorski kandidat <\/strong>poslijediplomskog doktorskog studija interdisciplinarnih obrazovnih znanosti na Fakultetu za odgojne i obrazovne znanosti.<\/p>\n\n\n\n<!--more-->\n\n\n\n<p>U\u017eiva u pou\u010davanju povijesti i voli kreirati raznovrsne obrazovne materijale.<\/p>\n\n\n\n<p>Dobitnik je GEI istra\u017eiva\u010dke stipendije za 2024. godinu; HISTOLAB istra\u017eiva\u010dke stipendije za 2023. godinu; nagrade BELMA za ud\u017ebenik&nbsp;<em>Vremeplov 7<\/em>; Global Pluralism Award 2019 za projekt&nbsp;<em>Learning History that is not yet History<\/em>&nbsp;i Comenius EduMedia Seal 2012 za&nbsp;<em>Hrvatski povijesni portal<\/em>.<\/p>\n<\/div>\n\n\n\n<div class=\"wp-block-column is-layout-flow wp-block-column-is-layout-flow\" style=\"flex-basis:33.33%\">\n<figure class=\"wp-block-image size-full is-style-rounded\"><img loading=\"lazy\" decoding=\"async\" width=\"916\" height=\"916\" src=\"https:\/\/povijest.net\/ca\/wp-content\/uploads\/2024\/12\/mh.jpg\" alt=\"Miljenko Hajdarovi\u0107\" class=\"wp-image-6659\" srcset=\"https:\/\/povijest.net\/ca\/wp-content\/uploads\/2024\/12\/mh.jpg 916w, https:\/\/povijest.net\/ca\/wp-content\/uploads\/2024\/12\/mh-300x300.jpg 300w, https:\/\/povijest.net\/ca\/wp-content\/uploads\/2024\/12\/mh-150x150.jpg 150w, https:\/\/povijest.net\/ca\/wp-content\/uploads\/2024\/12\/mh-768x768.jpg 768w\" sizes=\"auto, (max-width: 916px) 100vw, 916px\" \/><\/figure>\n<\/div>\n<\/div>\n\n\n\n<h3 class=\"wp-block-heading\">Radno iskustvo<\/h3>\n\n\n\n<ul class=\"wp-block-list\">\n<li>od 2005. radio je kao\u00a0<strong>u\u010ditelj\u00a0<\/strong>Povijesti u osnovnim \u0161kolama i kao\u00a0<strong>nastavnik<\/strong>\u00a0Povijesti, Sociologije, Politike i gospodarstva i Gra\u0111anskog odgoja u srednjim \u0161kolama (gimnazijski i strukovni program) <\/li>\n\n\n\n<li>od 2017. do 2022. radio kao&nbsp;<strong>urednik&nbsp;<\/strong>i&nbsp;<strong>autor&nbsp;<\/strong>ud\u017ebenika, radnih bilje\u017enica, radnih ud\u017ebenika za u\u010denike s pote\u0161ko\u0107ama te digitalnih obrazovnih sadr\u017eaja u izdava\u010dkoj ku\u0107i Profil Klett<\/li>\n<\/ul>\n\n\n\n<div style=\"height:30px\" aria-hidden=\"true\" class=\"wp-block-spacer\"><\/div>\n\n\n\n<div class=\"wp-block-columns is-layout-flex wp-container-core-columns-is-layout-28f84493 wp-block-columns-is-layout-flex\">\n<div class=\"wp-block-column is-layout-flow wp-block-column-is-layout-flow\">\n<figure class=\"wp-block-embed is-type-video is-provider-youtube wp-block-embed-youtube wp-embed-aspect-16-9 wp-has-aspect-ratio\"><div class=\"wp-block-embed__wrapper\">\n<iframe loading=\"lazy\" title=\"Reakcije autora nagra\u0111enoga ud\u017ebenika Vremeplov 7\" width=\"980\" height=\"551\" src=\"https:\/\/www.youtube.com\/embed\/e3IrACsmCwI?feature=oembed\" frameborder=\"0\" allow=\"accelerometer; autoplay; clipboard-write; encrypted-media; gyroscope; picture-in-picture; web-share\" referrerpolicy=\"strict-origin-when-cross-origin\" allowfullscreen><\/iframe>\n<\/div><\/figure>\n<\/div>\n\n\n\n<div class=\"wp-block-column is-layout-flow wp-block-column-is-layout-flow\">\n<figure class=\"wp-block-embed is-type-video is-provider-youtube wp-block-embed-youtube wp-embed-aspect-16-9 wp-has-aspect-ratio\"><div class=\"wp-block-embed__wrapper\">\n<iframe loading=\"lazy\" title=\"Kori\u0161tenje Loomena u Srednjoj \u0161koli \u010cakovec\" width=\"980\" height=\"551\" src=\"https:\/\/www.youtube.com\/embed\/Y_m0ls56aYs?feature=oembed\" frameborder=\"0\" allow=\"accelerometer; autoplay; clipboard-write; encrypted-media; gyroscope; picture-in-picture; web-share\" referrerpolicy=\"strict-origin-when-cross-origin\" allowfullscreen><\/iframe>\n<\/div><\/figure>\n<\/div>\n<\/div>\n\n\n\n<div style=\"height:30px\" aria-hidden=\"true\" class=\"wp-block-spacer\"><\/div>\n\n\n\n<div class=\"wp-block-columns is-layout-flex wp-container-core-columns-is-layout-28f84493 wp-block-columns-is-layout-flex\">\n<div class=\"wp-block-column is-layout-flow wp-block-column-is-layout-flow\" style=\"flex-basis:66.66%\">\n<p class=\"has-normal-font-size\">Sudjelovao u brojnim projektima (Udruga za edukaciju i promicanje ljudskih prava, EUROCLIO, Hrvatska udruga nastavnika povijesti, HERMES, Ku\u0107a Anne Frank, Cjelovita kurikularna reforma, itd.). Odr\u017eao je vi\u0161e desetaka predavanja i sudjelovao na brojnim konferencijama u Hrvatskoj i inozemstvu. Autor je vi\u0161e stru\u010dnih i znanstvenih radova, desetak ud\u017ebenika, drugih obrazovih materijala i knjiga. Microsoft Certified Educator, MIE Expert, Flipgrid Ambassador, Google Certified Educator\u2026<\/p>\n<\/div>\n\n\n\n<div class=\"wp-block-column is-layout-flow wp-block-column-is-layout-flow\" style=\"flex-basis:33.33%\">\n<figure data-wp-context=\"{&quot;imageId&quot;:&quot;6a07a6ba91a5b&quot;}\" data-wp-interactive=\"core\/image\" data-wp-key=\"6a07a6ba91a5b\" class=\"wp-block-image size-full wp-lightbox-container\"><img loading=\"lazy\" decoding=\"async\" width=\"662\" height=\"900\" data-wp-class--hide=\"state.isContentHidden\" data-wp-class--show=\"state.isContentVisible\" data-wp-init=\"callbacks.setButtonStyles\" data-wp-on--click=\"actions.showLightbox\" data-wp-on--load=\"callbacks.setButtonStyles\" data-wp-on-window--resize=\"callbacks.setButtonStyles\" src=\"https:\/\/povijest.net\/ca\/wp-content\/uploads\/2024\/12\/belma-hajdarovic.jpg\" alt=\"\" class=\"wp-image-6662\" srcset=\"https:\/\/povijest.net\/ca\/wp-content\/uploads\/2024\/12\/belma-hajdarovic.jpg 662w, https:\/\/povijest.net\/ca\/wp-content\/uploads\/2024\/12\/belma-hajdarovic-221x300.jpg 221w\" sizes=\"auto, (max-width: 662px) 100vw, 662px\" \/><button\n\t\t\tclass=\"lightbox-trigger\"\n\t\t\ttype=\"button\"\n\t\t\taria-haspopup=\"dialog\"\n\t\t\taria-label=\"Uve\u0107aj\"\n\t\t\tdata-wp-init=\"callbacks.initTriggerButton\"\n\t\t\tdata-wp-on--click=\"actions.showLightbox\"\n\t\t\tdata-wp-style--right=\"state.imageButtonRight\"\n\t\t\tdata-wp-style--top=\"state.imageButtonTop\"\n\t\t>\n\t\t\t<svg xmlns=\"http:\/\/www.w3.org\/2000\/svg\" width=\"12\" height=\"12\" fill=\"none\" viewBox=\"0 0 12 12\">\n\t\t\t\t<path fill=\"#fff\" d=\"M2 0a2 2 0 0 0-2 2v2h1.5V2a.5.5 0 0 1 .5-.5h2V0H2Zm2 10.5H2a.5.5 0 0 1-.5-.5V8H0v2a2 2 0 0 0 2 2h2v-1.5ZM8 12v-1.5h2a.5.5 0 0 0 .5-.5V8H12v2a2 2 0 0 1-2 2H8Zm2-12a2 2 0 0 1 2 2v2h-1.5V2a.5.5 0 0 0-.5-.5H8V0h2Z\" \/>\n\t\t\t<\/svg>\n\t\t<\/button><figcaption class=\"wp-element-caption\"><em>Nagrada BELMA za ud\u017ebenik za 7. razred osnovne \u0161kole<\/em><\/figcaption><\/figure>\n<\/div>\n<\/div>\n","protected":false},"excerpt":{"rendered":"<p>Miljenko Hajdarovi\u0107&nbsp;je profesor povijesti i sociologije diplomirao 2005. na Filozofskom fakultetu u Zagrebu. Trenutno je doktorski kandidat poslijediplomskog doktorskog studija interdisciplinarnih obrazovnih znanosti na Fakultetu za odgojne i obrazovne znanosti. [&hellip;]<\/p>\n","protected":false},"author":1,"featured_media":0,"parent":0,"menu_order":0,"comment_status":"closed","ping_status":"closed","template":"","meta":{"_EventAllDay":false,"_EventTimezone":"","_EventStartDate":"","_EventEndDate":"","_EventStartDateUTC":"","_EventEndDateUTC":"","_EventShowMap":false,"_EventShowMapLink":false,"_EventURL":"","_EventCost":"","_EventCostDescription":"","_EventCurrencySymbol":"","_EventCurrencyCode":"","_EventCurrencyPosition":"","_EventDateTimeSeparator":"","_EventTimeRangeSeparator":"","_EventOrganizerID":[],"_EventVenueID":[],"_OrganizerEmail":"","_OrganizerPhone":"","_OrganizerWebsite":"","_VenueAddress":"","_VenueCity":"","_VenueCountry":"","_VenueProvince":"","_VenueState":"","_VenueZip":"","_VenuePhone":"","_VenueURL":"","_VenueStateProvince":"","_VenueLat":"","_VenueLng":"","_VenueShowMap":false,"_VenueShowMapLink":false,"footnotes":""},"class_list":["post-6660","page","type-page","status-publish","hentry"],"_links":{"self":[{"href":"https:\/\/povijest.net\/ca\/wp-json\/wp\/v2\/pages\/6660","targetHints":{"allow":["GET"]}}],"collection":[{"href":"https:\/\/povijest.net\/ca\/wp-json\/wp\/v2\/pages"}],"about":[{"href":"https:\/\/povijest.net\/ca\/wp-json\/wp\/v2\/types\/page"}],"author":[{"embeddable":true,"href":"https:\/\/povijest.net\/ca\/wp-json\/wp\/v2\/users\/1"}],"replies":[{"embeddable":true,"href":"https:\/\/povijest.net\/ca\/wp-json\/wp\/v2\/comments?post=6660"}],"version-history":[{"count":6,"href":"https:\/\/povijest.net\/ca\/wp-json\/wp\/v2\/pages\/6660\/revisions"}],"predecessor-version":[{"id":12514,"href":"https:\/\/povijest.net\/ca\/wp-json\/wp\/v2\/pages\/6660\/revisions\/12514"}],"wp:attachment":[{"href":"https:\/\/povijest.net\/ca\/wp-json\/wp\/v2\/media?parent=6660"}],"curies":[{"name":"wp","href":"https:\/\/api.w.org\/{rel}","templated":true}]}}