{"id":193,"date":"2024-12-05T22:36:44","date_gmt":"2024-12-05T21:36:44","guid":{"rendered":"https:\/\/povijest.net\/ca\/?page_id=193"},"modified":"2024-12-17T14:56:33","modified_gmt":"2024-12-17T13:56:33","slug":"nagradni-natjecaj","status":"publish","type":"page","link":"https:\/\/povijest.net\/ca\/udruga\/casopis\/nagradni-natjecaj\/","title":{"rendered":"Nagradni natje\u010daj"},"content":{"rendered":"\n<p>Stru\u010dni \u010dlanci objavljeni tijekom svake godine ulaze u nagradni natje\u010daj. Istaknuti \u010dlanci iz obaju brojeva u jednome godi\u0161tu prolaze ocjenjivanje uredni\u0161tva i glasanje \u010ditatelja. Tri najbolje ocijenjena rada primaju diplomu i nagradu izdava\u010da\/sponzora. <\/p>\n\n\n\n<p>Detalji nagradnoga natje\u010daja objavit \u0107e se na web-stranici Platforme Klio i u \u010dasopisu <em>Pou\u010davanje povijesti<\/em>.<\/p>\n\n\n\n<h2 class=\"wp-block-heading\">NATJE\u010cAJ za najbolje stru\u010dne \u010dlanke 2024<\/h2>\n\n\n\n<p>Natje\u010daj \u0107e se objaviti krajem 2024. godine.<\/p>\n\n\n\n<h3 class=\"wp-block-heading\">KANDIDATI I NAGRA\u0110ENI za najbolje stru\u010dne \u010dlanke 2022<\/h3>\n\n\n\n<p>\u010clanci I. godi\u0161ta \u010dasopisa Pou\u010davanje povijesti kandidirani za nagradni natje\u010daj:<\/p>\n\n\n\n<div class=\"wp-block-columns is-layout-flex wp-container-core-columns-is-layout-28f84493 wp-block-columns-is-layout-flex\">\n<div class=\"wp-block-column is-layout-flow wp-block-column-is-layout-flow\">\n<ol class=\"wp-block-list\">\n<li>Autorska prava u \u0161kolskim klupama (Robert Posavec)<\/li>\n\n\n\n<li>Suradnja s muzejima u ostvarivanju odgojno-obrazovnih ishoda u nastavi povijesti (Danijela Kegalj)<\/li>\n\n\n\n<li>Za\u0161to i kako Lumen? (Antonija Jagodar)<\/li>\n\n\n\n<li>Petica: Marina \u0106urkovi\u0107<\/li>\n\n\n\n<li>HiSTEMory \u2013 neograni\u010dene mogu\u0107nosti korelacije Povijesti i Matematike (Jelena \u010cervenjak Kmoni\u010dek i Anita \u010corak)<\/li>\n\n\n\n<li>Okusi anti\u010dke rimske kuhinje (Kristina Lukec)<\/li>\n\n\n\n<li>Dvorci Slavonije \u2013 poticaj za istra\u017eivanje zavi\u010dajne povijesti (Jasna Jakopovi\u0107)<\/li>\n\n\n\n<li>Svakida\u0161njica, obi\u010daji i \u0161kolovanje na\u0161ih predaka (Ru\u017eica Cigula)<\/li>\n\n\n\n<li>\u017divot Zdenka Ofnera (Maja Luki\u0107 Pu\u0161kari\u0107)<\/li>\n\n\n\n<li>\u010cabarske \u017ertve fa\u0161izma (Dragan Malnar)<\/li>\n\n\n\n<li>U\u010denje na dru\u0161tvenim mre\u017eama: holokaust u neobi\u010dnom okru\u017eenju (Tea Gombo\u0161 Zazinovi\u0107)<\/li>\n\n\n\n<li>Dnevnik Eve Heyman (Marija Krstini\u0107 i Dragica Relji\u0107)<\/li>\n\n\n\n<li>Digitalna humanistika: Digitalno obrazovanje s kulturnom ba\u0161tinom (Valentina Milohani\u0107)<\/li>\n\n\n\n<li>Dobre metode pou\u010davanja povijesti #2 (Valentina Milohani\u0107)<\/li>\n\n\n\n<li>\u0160esterokutno razmi\u0161ljanje (Kristina Lukec)<\/li>\n\n\n\n<li>Petica: Vedran Risti\u0107<\/li>\n<\/ol>\n<\/div>\n\n\n\n<div class=\"wp-block-column is-layout-flow wp-block-column-is-layout-flow\">\n<figure class=\"wp-block-image size-full is-style-rounded\"><img loading=\"lazy\" decoding=\"async\" width=\"740\" height=\"514\" src=\"https:\/\/povijest.net\/ca\/wp-content\/uploads\/2024\/12\/najbolji-clanci.jpg\" alt=\"\" class=\"wp-image-195\" srcset=\"https:\/\/povijest.net\/ca\/wp-content\/uploads\/2024\/12\/najbolji-clanci.jpg 740w, https:\/\/povijest.net\/ca\/wp-content\/uploads\/2024\/12\/najbolji-clanci-300x208.jpg 300w\" sizes=\"auto, (max-width: 740px) 100vw, 740px\" \/><\/figure>\n\n\n\n<p><\/p>\n<\/div>\n<\/div>\n\n\n\n<div class=\"wp-block-columns is-layout-flex wp-container-core-columns-is-layout-28f84493 wp-block-columns-is-layout-flex\">\n<div class=\"wp-block-column is-layout-flow wp-block-column-is-layout-flow\">\n<p>Zbrajanjem prosjeka glasova \u010ditatelja i uredni\u0161tva odabrali smo najbolje stru\u010dne \u010dlanke I. godi\u0161ta \u010dasopisa Pou\u010davanje povijesti. Na tre\u0107em mjestu je u\u010diteljica <strong>Kristina Lukec<\/strong> s \u010dlankom pod naslovom <a href=\"https:\/\/hrcak.srce.hr\/299578\">Okusi anti\u010dke kuhinje<\/a>. Na drugom mjestu je u\u010diteljica <strong>Maja Luki\u0107 Pu\u0161kari\u0107<\/strong> s \u010dlankom <a href=\"https:\/\/hrcak.srce.hr\/299582\" target=\"_blank\" rel=\"noreferrer noopener\">\u017divot Zdenka Ofnera<\/a>. Uvjerljivo prvo mjesto osvojile su u\u010diteljice <strong>Jelena \u010cervenjak Kmoni\u010dek<\/strong> i <strong>Anita \u010corak<\/strong> s \u010dlankom <a href=\"https:\/\/hrcak.srce.hr\/299577\" target=\"_blank\" rel=\"noreferrer noopener\">HiSTEMory \u2013 neograni\u010dene mogu\u0107nosti korelacije Povijesti i Matematike<\/a>.<\/p>\n<\/div>\n\n\n\n<div class=\"wp-block-column is-layout-flow wp-block-column-is-layout-flow\">\n<figure data-wp-context=\"{&quot;imageId&quot;:&quot;6a05804d6b1d4&quot;}\" data-wp-interactive=\"core\/image\" data-wp-key=\"6a05804d6b1d4\" class=\"wp-block-image size-large is-style-rounded wp-lightbox-container\"><img loading=\"lazy\" decoding=\"async\" width=\"1024\" height=\"585\" data-wp-class--hide=\"state.isContentHidden\" data-wp-class--show=\"state.isContentVisible\" data-wp-init=\"callbacks.setButtonStyles\" data-wp-on--click=\"actions.showLightbox\" data-wp-on--load=\"callbacks.setButtonStyles\" data-wp-on-window--resize=\"callbacks.setButtonStyles\" src=\"https:\/\/povijest.net\/ca\/wp-content\/uploads\/2024\/12\/403738387_352919370595762_3581827094726943056_n-1024x585.jpg\" alt=\"Jelena \u010cervenjak Kmoni\u010dek i Anita \u010corak\" class=\"wp-image-196\" srcset=\"https:\/\/povijest.net\/ca\/wp-content\/uploads\/2024\/12\/403738387_352919370595762_3581827094726943056_n-1024x585.jpg 1024w, https:\/\/povijest.net\/ca\/wp-content\/uploads\/2024\/12\/403738387_352919370595762_3581827094726943056_n-300x171.jpg 300w, https:\/\/povijest.net\/ca\/wp-content\/uploads\/2024\/12\/403738387_352919370595762_3581827094726943056_n-768x438.jpg 768w, https:\/\/povijest.net\/ca\/wp-content\/uploads\/2024\/12\/403738387_352919370595762_3581827094726943056_n.jpg 1291w\" sizes=\"auto, (max-width: 1024px) 100vw, 1024px\" \/><button\n\t\t\tclass=\"lightbox-trigger\"\n\t\t\ttype=\"button\"\n\t\t\taria-haspopup=\"dialog\"\n\t\t\taria-label=\"Uve\u0107aj\"\n\t\t\tdata-wp-init=\"callbacks.initTriggerButton\"\n\t\t\tdata-wp-on--click=\"actions.showLightbox\"\n\t\t\tdata-wp-style--right=\"state.imageButtonRight\"\n\t\t\tdata-wp-style--top=\"state.imageButtonTop\"\n\t\t>\n\t\t\t<svg xmlns=\"http:\/\/www.w3.org\/2000\/svg\" width=\"12\" height=\"12\" fill=\"none\" viewBox=\"0 0 12 12\">\n\t\t\t\t<path fill=\"#fff\" d=\"M2 0a2 2 0 0 0-2 2v2h1.5V2a.5.5 0 0 1 .5-.5h2V0H2Zm2 10.5H2a.5.5 0 0 1-.5-.5V8H0v2a2 2 0 0 0 2 2h2v-1.5ZM8 12v-1.5h2a.5.5 0 0 0 .5-.5V8H12v2a2 2 0 0 1-2 2H8Zm2-12a2 2 0 0 1 2 2v2h-1.5V2a.5.5 0 0 0-.5-.5H8V0h2Z\" \/>\n\t\t\t<\/svg>\n\t\t<\/button><figcaption class=\"wp-element-caption\">Jelena \u010cervenjak Kmoni\u010dek i Anita \u010corak<\/figcaption><\/figure>\n<\/div>\n<\/div>\n","protected":false},"excerpt":{"rendered":"<p>Stru\u010dni \u010dlanci objavljeni tijekom svake godine ulaze u nagradni natje\u010daj. Istaknuti \u010dlanci iz obaju brojeva u jednome godi\u0161tu prolaze ocjenjivanje uredni\u0161tva i glasanje \u010ditatelja. Tri najbolje ocijenjena rada primaju diplomu [&hellip;]<\/p>\n","protected":false},"author":1,"featured_media":194,"parent":145,"menu_order":0,"comment_status":"closed","ping_status":"closed","template":"","meta":{"_EventAllDay":false,"_EventTimezone":"","_EventStartDate":"","_EventEndDate":"","_EventStartDateUTC":"","_EventEndDateUTC":"","_EventShowMap":false,"_EventShowMapLink":false,"_EventURL":"","_EventCost":"","_EventCostDescription":"","_EventCurrencySymbol":"","_EventCurrencyCode":"","_EventCurrencyPosition":"","_EventDateTimeSeparator":"","_EventTimeRangeSeparator":"","_EventOrganizerID":[],"_EventVenueID":[],"_OrganizerEmail":"","_OrganizerPhone":"","_OrganizerWebsite":"","_VenueAddress":"","_VenueCity":"","_VenueCountry":"","_VenueProvince":"","_VenueState":"","_VenueZip":"","_VenuePhone":"","_VenueURL":"","_VenueStateProvince":"","_VenueLat":"","_VenueLng":"","_VenueShowMap":false,"_VenueShowMapLink":false,"footnotes":""},"class_list":["post-193","page","type-page","status-publish","has-post-thumbnail","hentry"],"_links":{"self":[{"href":"https:\/\/povijest.net\/ca\/wp-json\/wp\/v2\/pages\/193","targetHints":{"allow":["GET"]}}],"collection":[{"href":"https:\/\/povijest.net\/ca\/wp-json\/wp\/v2\/pages"}],"about":[{"href":"https:\/\/povijest.net\/ca\/wp-json\/wp\/v2\/types\/page"}],"author":[{"embeddable":true,"href":"https:\/\/povijest.net\/ca\/wp-json\/wp\/v2\/users\/1"}],"replies":[{"embeddable":true,"href":"https:\/\/povijest.net\/ca\/wp-json\/wp\/v2\/comments?post=193"}],"version-history":[{"count":2,"href":"https:\/\/povijest.net\/ca\/wp-json\/wp\/v2\/pages\/193\/revisions"}],"predecessor-version":[{"id":7846,"href":"https:\/\/povijest.net\/ca\/wp-json\/wp\/v2\/pages\/193\/revisions\/7846"}],"up":[{"embeddable":true,"href":"https:\/\/povijest.net\/ca\/wp-json\/wp\/v2\/pages\/145"}],"wp:featuredmedia":[{"embeddable":true,"href":"https:\/\/povijest.net\/ca\/wp-json\/wp\/v2\/media\/194"}],"wp:attachment":[{"href":"https:\/\/povijest.net\/ca\/wp-json\/wp\/v2\/media?parent=193"}],"curies":[{"name":"wp","href":"https:\/\/api.w.org\/{rel}","templated":true}]}}