{"id":171,"date":"2024-12-05T22:24:45","date_gmt":"2024-12-05T21:24:45","guid":{"rendered":"https:\/\/povijest.net\/ca\/?page_id=171"},"modified":"2024-12-05T22:24:45","modified_gmt":"2024-12-05T21:24:45","slug":"kategorije-priloga-u-casopisu-poucavanje-povijesti","status":"publish","type":"page","link":"https:\/\/povijest.net\/ca\/udruga\/casopis\/kategorije-priloga-u-casopisu-poucavanje-povijesti\/","title":{"rendered":"Kategorije priloga u \u010dasopisu Pou\u010davanje povijesti"},"content":{"rendered":"\n<p>\u010casopis Pou\u010davanje povijesti namijenjen je unapre\u0111enju pou\u010davanja povijesti i uglavnom objavljuje vijesti i stru\u010dne \u010dlanke iz navedenog podru\u010dja. Kako bi suradnicima olak\u0161ali snala\u017eenje prenosimo opis kategorizacije priloga iz dokumentacije&nbsp;<a href=\"https:\/\/wiki.srce.hr\/pages\/viewpage.action?pageId=30605335\" target=\"_blank\" rel=\"noreferrer noopener\">Portalu hrvatskih znanstvenih i stru\u010dnih \u010dasopisa \u2013 Hr\u010dak<\/a>&nbsp;u koji se referiraju na\u0161i objavljeni pregledni i stru\u010dni radovi.<\/p>\n\n\n\n<p><strong>Kategorije&nbsp;<\/strong>priloga:<\/p>\n\n\n\n<ul class=\"wp-block-list\">\n<li>Pregledni rad (Review article) \u2013 Pregledni rad znanstveni je rad \u0161to sadr\u017ei izvoran, sa\u017eet i kriti\u010dki prikaz jednog podru\u010dja ili njegova dijela u kojemu autor aktivno djeluje. Mora biti istaknuta uloga autorova izvornog doprinosa u tom podru\u010dju s obzirom na ve\u0107 publicirane radove te pregled tih radova. Pregledni rad sadr\u017ei i najnovije informacije o trenuta\u010dnom stanju razvoja i usmjerenja (tzv. state-of\u2013the-art reviews). Mo\u017ee ih pisati jedan ili skupina autora i obi\u010dno se pi\u0161u na zamolbu urednika. Obavezna recenzija.<\/li>\n\n\n\n<li>Stru\u010dni rad (Professional paper) \u2013 Sadr\u017eava ve\u0107 poznate, objavljene rezultate znanstvenoga istra\u017eivanja i te\u017ei\u0161te usmjerava na njihovu primjenu u praksi ili na njihovo \u0161irenje (obrazovna svrha). Stru\u010dni rad sadr\u017ei korisne priloge iz podru\u010dja struke koji nisu vezani uz izvorna autorova istra\u017eivanja, a iznesena zapa\u017eanja ne moraju biti novost u struci. Moraju biti napisani na sustavan i razumljiv na\u010din, u skladu s \u010ditateljskim profilom. Ovdje se uvr\u0161tavaju i radovi za koje jo\u0161 nemamo hrvatski naziv, a engleski je \u201cFeatured article\u201d. To je sa\u017eet i kriti\u010dan pregled odabrane vru\u0107e teme. Mora biti razumljiv i nespecijalistima toga podru\u010dja. Obi\u010dno uredni\u0161tvo naru\u010duje takve priloge. Obavezna recenzija.<\/li>\n\n\n\n<li>Izlaganje sa skupa (Conference paper) \u2013 Izlaganje sa znanstvenog skupa, prethodno referirano na takvom skupu, mora biti objavljeno u obliku cjelovitog \u010dlanka. Recenzija nije obvezna, ali je po\u017eeljna.<\/li>\n\n\n\n<li>Sa\u017eetak sa skupa (Meeting abstract) \u2013 Sa\u017eetak (kratak ili pro\u0161iren) s nekog znastvenog ili stru\u010dnog skupa (kongresa, simpozija, konfrenciie , itd. ) Recenzija nije obvezna, ali je po\u017eeljna.<\/li>\n\n\n\n<li>Esej (Essay) \u2013 Kratak osvrt na neku temu s izno\u0161enjem promi\u0161ljanja autora, \u010desto na osnovu osobnog iskustva i do\u017eivljaja istog.<\/li>\n\n\n\n<li>Bibliografija (Bibliography) \u2013 Popis radova (knjiga, \u010dlanaka, patenata itd.) na odre\u0111enu temu, odre\u0111enog autora i dr.<\/li>\n\n\n\n<li>Vijest (News) \u2013 Nova informacija o odre\u0111enim, aktualnim doga\u0111ajima.<\/li>\n\n\n\n<li>Crtice (Reminiscence) \u2013 Kratak osvrt s osobnim zapa\u017eanjima na sada\u0161nji ili pro\u0161li doga\u0111aj.<\/li>\n\n\n\n<li>In memoriam, Nekrolog (In memoriam, Obituary) \u2013 Obavijest o ne\u010dijoj smrti koja uobi\u010dajeno sadr\u017ei kratku biografiju.<\/li>\n\n\n\n<li>Recenzija, Prikaz (Book Review) \u2013 Kriti\u010dki prikaz knjige.<\/li>\n\n\n\n<li>Pismo uredniku (Letter to the Editor) \u2013 Prostor predvi\u0111en za izno\u0161enje druga\u010dijih znanstvenih stavova ili razmjenu razli\u010ditih mi\u0161ljenja u vezi rada tiskanog u \u010dasopisu.<\/li>\n\n\n\n<li>Ispravak (Erratum) \u2013 Ispravak gre\u0161aka iz prethodnog broja.<\/li>\n\n\n\n<li>Zahvala (Acknowledgement) \u2013 Izjava zahvale za ne\u0161to ili nekome.<\/li>\n\n\n\n<li>Ostalo (Other) \u2013 Radovi koje nije mogu\u0107e razvrstati unutar nijednog od gore navedenih tipova.<\/li>\n<\/ul>\n\n\n\n<p><strong>NAPOMENE:<\/strong><\/p>\n\n\n\n<ul class=\"wp-block-list\">\n<li>Znanstveni i pregledni radovi u pravilu prolaze recenzijski postupak, dok stru\u010dni radovi, ovisno o \u010dasopisu, ponekad ne prolaze recenzijski postupak.<\/li>\n<\/ul>\n","protected":false},"excerpt":{"rendered":"<p>\u010casopis Pou\u010davanje povijesti namijenjen je unapre\u0111enju pou\u010davanja povijesti i uglavnom objavljuje vijesti i stru\u010dne \u010dlanke iz navedenog podru\u010dja. Kako bi suradnicima olak\u0161ali snala\u017eenje prenosimo opis kategorizacije priloga iz dokumentacije&nbsp;Portalu hrvatskih [&hellip;]<\/p>\n","protected":false},"author":1,"featured_media":0,"parent":145,"menu_order":0,"comment_status":"closed","ping_status":"closed","template":"","meta":{"_EventAllDay":false,"_EventTimezone":"","_EventStartDate":"","_EventEndDate":"","_EventStartDateUTC":"","_EventEndDateUTC":"","_EventShowMap":false,"_EventShowMapLink":false,"_EventURL":"","_EventCost":"","_EventCostDescription":"","_EventCurrencySymbol":"","_EventCurrencyCode":"","_EventCurrencyPosition":"","_EventDateTimeSeparator":"","_EventTimeRangeSeparator":"","_EventOrganizerID":[],"_EventVenueID":[],"_OrganizerEmail":"","_OrganizerPhone":"","_OrganizerWebsite":"","_VenueAddress":"","_VenueCity":"","_VenueCountry":"","_VenueProvince":"","_VenueState":"","_VenueZip":"","_VenuePhone":"","_VenueURL":"","_VenueStateProvince":"","_VenueLat":"","_VenueLng":"","_VenueShowMap":false,"_VenueShowMapLink":false,"footnotes":""},"class_list":["post-171","page","type-page","status-publish","hentry"],"_links":{"self":[{"href":"https:\/\/povijest.net\/ca\/wp-json\/wp\/v2\/pages\/171","targetHints":{"allow":["GET"]}}],"collection":[{"href":"https:\/\/povijest.net\/ca\/wp-json\/wp\/v2\/pages"}],"about":[{"href":"https:\/\/povijest.net\/ca\/wp-json\/wp\/v2\/types\/page"}],"author":[{"embeddable":true,"href":"https:\/\/povijest.net\/ca\/wp-json\/wp\/v2\/users\/1"}],"replies":[{"embeddable":true,"href":"https:\/\/povijest.net\/ca\/wp-json\/wp\/v2\/comments?post=171"}],"version-history":[{"count":1,"href":"https:\/\/povijest.net\/ca\/wp-json\/wp\/v2\/pages\/171\/revisions"}],"predecessor-version":[{"id":172,"href":"https:\/\/povijest.net\/ca\/wp-json\/wp\/v2\/pages\/171\/revisions\/172"}],"up":[{"embeddable":true,"href":"https:\/\/povijest.net\/ca\/wp-json\/wp\/v2\/pages\/145"}],"wp:attachment":[{"href":"https:\/\/povijest.net\/ca\/wp-json\/wp\/v2\/media?parent=171"}],"curies":[{"name":"wp","href":"https:\/\/api.w.org\/{rel}","templated":true}]}}