{"id":1459,"date":"2024-12-05T23:48:16","date_gmt":"2024-12-05T22:48:16","guid":{"rendered":"https:\/\/povijest.net\/ca\/?page_id=1459"},"modified":"2026-03-01T20:59:01","modified_gmt":"2026-03-01T19:59:01","slug":"uclanite-se","status":"publish","type":"page","link":"https:\/\/povijest.net\/ca\/udruga\/uclanite-se\/","title":{"rendered":"U\u010dlanite se"},"content":{"rendered":"\n<p>U\u010dlanjenjem u udrugu Platforma Klio prije svega isti\u010dete svoju&nbsp;<strong>podr\u0161ku&nbsp;<\/strong>na\u0161em predanom i kontinuiranom radu. \u010clanarinom se nastoje pokriti osnovni tro\u0161kovi udruge poput odr\u017eavanja bankovnog ra\u010duna, tro\u0161kova knjigovodstva, ZOOM licence, odr\u017eavanja internetske stranice i sl. Transparentnost tro\u0161enja sredstava definirana je statutom i \u010dlanovi su o tome redovito izvje\u0161teni na godi\u0161njoj skup\u0161tini.<\/p>\n\n\n\n<!--more-->\n\n\n\n<p>Vrste \u010dlanstva i \u0161to \u010dlanstvo podrazumijeva definirane su Statutom udruge. \u010clanom udruge mo\u017ee postati svaka poslovno sposobna fizi\u010dka osoba i pravna osoba koja je zainteresirana za rad u Udruzi i pru\u017eanje doprinosa ostvarivanju ciljeva Udruge te prihva\u0107a odredbe Statuta. \u010clanstvo u Udruzi je podijeljeno na sljede\u0107e kategorije: redovno, pridru\u017eeno i po\u010dasno.<\/p>\n\n\n\n<p>Izdvajamo:<\/p>\n\n\n\n<ul class=\"wp-block-list\">\n<li><strong>Pridru\u017eeni \u010dlanovi<\/strong>&nbsp;potpisuju pristupnicu kojom se obvezuju na sudjelovanje u radu Udruge te na po\u0161tivanje odredbi njenog Statuta i drugih akata, kao i odluka tijela Udruge. Pridru\u017eeni \u010dlanovi zainteresirani su za rad Udruge ali nisu u mogu\u0107nosti kontinuirano sudjelovati u radu Udruge niti preuzeti sva prava, obaveze i odgovornosti redovnih \u010dlanova. Pridru\u017eeni \u010dlanovi ne mogu birati i biti birani u tijela Udruge. Pridru\u017eeni \u010dlan mo\u017ee nakon dvije uzastopne godine \u010dlanstva zatra\u017eiti prijem u redovno \u010dlanstvo Udruge.<\/li>\n\n\n\n<li><strong>Redovni \u010dlanovi<\/strong>&nbsp;potpisuju Pristupnicu kojom se obvezuju na rad u Udruzi s punim opsegom Statutom predvi\u0111enih obaveza i prava. O primanju u redovno \u010dlanstvo odlu\u010duje Upravni odbor. Redovni \u010dlanovi zainteresirani su za rad Udruge i u mogu\u0107nosti su kontinuirano sudjelovati u radu Udruge te preuzeti sva prava, obaveze i odgovornosti. Redovni \u010dlanovi mogu birati i biti birani u tijela Udruge.<\/li>\n<\/ul>\n\n\n\n<h4 class=\"wp-block-heading\"><strong>POGODNOSTI&nbsp;<\/strong>ZA \u010cLANOVE:<\/h4>\n\n\n\n<ul class=\"wp-block-list\">\n<li>sudjelovanju u kreiranju i provo\u0111enju programa udruge,<\/li>\n\n\n\n<li>redoviti newsletter s najavama i registracijama na aktivnosti,<\/li>\n\n\n\n<li>pretplata na \u010dasopis (poveznica na direktno preuzimanje novih brojeva),<\/li>\n\n\n\n<li>sudjelovanje u radnim skupinama i projektima udruge,<\/li>\n\n\n\n<li>potvrde o usavr\u0161avanju (osim u slu\u010daju da se radi o pla\u0107enim aktivnostima, a u tom slu\u010daju \u010dlanovi imaju popust),<\/li>\n\n\n\n<li>prednost pri registraciji na aktivnosti,<\/li>\n\n\n\n<li>popusti na aktivnosti udruge koje \u0107e se napla\u0107ivati (posebni seminari, konferencije i sl.).<\/li>\n<\/ul>\n\n\n\n<p>Online pristupnicu mo\u017eete ispuniti na&nbsp;<a href=\"https:\/\/forms.gle\/GvduvnuLYAUkBpeb7\">ovoj poveznici<\/a>.<\/p>\n\n\n\n<p><strong>\u010clanarina iznosi 15 \u20ac<\/strong>&nbsp;i odnosi se na kalendarsku godinu.<\/p>\n\n\n\n<p><strong>Upute za pla\u0107anje<\/strong>&nbsp;\u010dlanarine:<\/p>\n\n\n\n<p>IBAN:&nbsp;<em>HR3024840081135354642<\/em><\/p>\n\n\n\n<p>model:&nbsp;<em>HR00<\/em><\/p>\n\n\n\n<p>poziv na broj:&nbsp;<em>va\u0161 OiB<\/em>&nbsp;(ili za strance broj osobnog dokumenta)<\/p>\n\n\n\n<p>opis pla\u0107anja:&nbsp;<em>\u010dlanarina 202<\/em>6<\/p>\n\n\n<div class=\"wp-block-image\">\n<figure data-wp-context=\"{&quot;imageId&quot;:&quot;69f8821d3c04b&quot;}\" data-wp-interactive=\"core\/image\" data-wp-key=\"69f8821d3c04b\" class=\"aligncenter size-large wp-lightbox-container\"><img loading=\"lazy\" decoding=\"async\" width=\"1024\" height=\"770\" data-wp-class--hide=\"state.isContentHidden\" data-wp-class--show=\"state.isContentVisible\" data-wp-init=\"callbacks.setButtonStyles\" data-wp-on--click=\"actions.showLightbox\" data-wp-on--load=\"callbacks.setButtonStyles\" data-wp-on-window--resize=\"callbacks.setButtonStyles\" src=\"https:\/\/povijest.net\/ca\/wp-content\/uploads\/2026\/03\/Platforma_Klio_clanarina2026-1024x770.jpg\" alt=\"\" class=\"wp-image-13324\" srcset=\"https:\/\/povijest.net\/ca\/wp-content\/uploads\/2026\/03\/Platforma_Klio_clanarina2026-1024x770.jpg 1024w, https:\/\/povijest.net\/ca\/wp-content\/uploads\/2026\/03\/Platforma_Klio_clanarina2026-300x226.jpg 300w, https:\/\/povijest.net\/ca\/wp-content\/uploads\/2026\/03\/Platforma_Klio_clanarina2026-768x578.jpg 768w, https:\/\/povijest.net\/ca\/wp-content\/uploads\/2026\/03\/Platforma_Klio_clanarina2026.jpg 1428w\" sizes=\"auto, (max-width: 1024px) 100vw, 1024px\" \/><button\n\t\t\tclass=\"lightbox-trigger\"\n\t\t\ttype=\"button\"\n\t\t\taria-haspopup=\"dialog\"\n\t\t\taria-label=\"Uve\u0107aj\"\n\t\t\tdata-wp-init=\"callbacks.initTriggerButton\"\n\t\t\tdata-wp-on--click=\"actions.showLightbox\"\n\t\t\tdata-wp-style--right=\"state.imageButtonRight\"\n\t\t\tdata-wp-style--top=\"state.imageButtonTop\"\n\t\t>\n\t\t\t<svg xmlns=\"http:\/\/www.w3.org\/2000\/svg\" width=\"12\" height=\"12\" fill=\"none\" viewBox=\"0 0 12 12\">\n\t\t\t\t<path fill=\"#fff\" d=\"M2 0a2 2 0 0 0-2 2v2h1.5V2a.5.5 0 0 1 .5-.5h2V0H2Zm2 10.5H2a.5.5 0 0 1-.5-.5V8H0v2a2 2 0 0 0 2 2h2v-1.5ZM8 12v-1.5h2a.5.5 0 0 0 .5-.5V8H12v2a2 2 0 0 1-2 2H8Zm2-12a2 2 0 0 1 2 2v2h-1.5V2a.5.5 0 0 0-.5-.5H8V0h2Z\" \/>\n\t\t\t<\/svg>\n\t\t<\/button><\/figure>\n<\/div>\n\n\n<p class=\"has-text-align-center has-white-color has-vivid-red-background-color has-text-color has-background has-link-color wp-elements-5c864c15498cf54e1158f251567af1ac\">\u010clanstvo u udruzi Platforma Klio i pla\u0107anje \u010dlanarine NIJE POVEZANO s \u010dlanstvom i \u010dlanarinom u Clionaut Akademiji.<\/p>\n\n\n\n<p class=\"has-small-font-size\"><strong>For payments from abroad:<\/strong><br>Bank name: Raiffeisen banka (Magazinska cesta 69, 10000 Zagreb, Croatia)<br>Beneficiary: Platforma Klio (Dr. Ive Keckesa 16, 40323 Prelog, Croatia)<br>IBAN: HR3024840081135354642<br>SWIFT: RZBHHR2X<br>Payments are possible in the following currencies: \u20ac and $<\/p>\n","protected":false},"excerpt":{"rendered":"<p>U\u010dlanjenjem u udrugu Platforma Klio prije svega isti\u010dete svoju&nbsp;podr\u0161ku&nbsp;na\u0161em predanom i kontinuiranom radu. \u010clanarinom se nastoje pokriti osnovni tro\u0161kovi udruge poput odr\u017eavanja bankovnog ra\u010duna, tro\u0161kova knjigovodstva, ZOOM licence, odr\u017eavanja internetske [&hellip;]<\/p>\n","protected":false},"author":1,"featured_media":0,"parent":142,"menu_order":0,"comment_status":"closed","ping_status":"closed","template":"","meta":{"_EventAllDay":false,"_EventTimezone":"","_EventStartDate":"","_EventEndDate":"","_EventStartDateUTC":"","_EventEndDateUTC":"","_EventShowMap":false,"_EventShowMapLink":false,"_EventURL":"","_EventCost":"","_EventCostDescription":"","_EventCurrencySymbol":"","_EventCurrencyCode":"","_EventCurrencyPosition":"","_EventDateTimeSeparator":"","_EventTimeRangeSeparator":"","_EventOrganizerID":[],"_EventVenueID":[],"_OrganizerEmail":"","_OrganizerPhone":"","_OrganizerWebsite":"","_VenueAddress":"","_VenueCity":"","_VenueCountry":"","_VenueProvince":"","_VenueState":"","_VenueZip":"","_VenuePhone":"","_VenueURL":"","_VenueStateProvince":"","_VenueLat":"","_VenueLng":"","_VenueShowMap":false,"_VenueShowMapLink":false,"footnotes":""},"class_list":["post-1459","page","type-page","status-publish","hentry"],"_links":{"self":[{"href":"https:\/\/povijest.net\/ca\/wp-json\/wp\/v2\/pages\/1459","targetHints":{"allow":["GET"]}}],"collection":[{"href":"https:\/\/povijest.net\/ca\/wp-json\/wp\/v2\/pages"}],"about":[{"href":"https:\/\/povijest.net\/ca\/wp-json\/wp\/v2\/types\/page"}],"author":[{"embeddable":true,"href":"https:\/\/povijest.net\/ca\/wp-json\/wp\/v2\/users\/1"}],"replies":[{"embeddable":true,"href":"https:\/\/povijest.net\/ca\/wp-json\/wp\/v2\/comments?post=1459"}],"version-history":[{"count":6,"href":"https:\/\/povijest.net\/ca\/wp-json\/wp\/v2\/pages\/1459\/revisions"}],"predecessor-version":[{"id":13325,"href":"https:\/\/povijest.net\/ca\/wp-json\/wp\/v2\/pages\/1459\/revisions\/13325"}],"up":[{"embeddable":true,"href":"https:\/\/povijest.net\/ca\/wp-json\/wp\/v2\/pages\/142"}],"wp:attachment":[{"href":"https:\/\/povijest.net\/ca\/wp-json\/wp\/v2\/media?parent=1459"}],"curies":[{"name":"wp","href":"https:\/\/api.w.org\/{rel}","templated":true}]}}