{"id":142,"date":"2024-12-05T22:00:18","date_gmt":"2024-12-05T21:00:18","guid":{"rendered":"https:\/\/povijest.net\/ca\/?page_id=142"},"modified":"2025-07-03T13:16:50","modified_gmt":"2025-07-03T11:16:50","slug":"udruga","status":"publish","type":"page","link":"https:\/\/povijest.net\/ca\/udruga\/","title":{"rendered":"Udruga"},"content":{"rendered":"\n<div class=\"wp-block-columns is-layout-flex wp-container-core-columns-is-layout-28f84493 wp-block-columns-is-layout-flex\">\n<div class=\"wp-block-column is-layout-flow wp-block-column-is-layout-flow\" style=\"flex-basis:33.33%\">\n<figure class=\"wp-block-image size-full\"><img loading=\"lazy\" decoding=\"async\" width=\"500\" height=\"500\" src=\"https:\/\/povijest.net\/ca\/wp-content\/uploads\/2024\/01\/platforma_klio.jpg\" alt=\"\" class=\"wp-image-1391\" srcset=\"https:\/\/povijest.net\/ca\/wp-content\/uploads\/2024\/01\/platforma_klio.jpg 500w, https:\/\/povijest.net\/ca\/wp-content\/uploads\/2024\/01\/platforma_klio-300x300.jpg 300w, https:\/\/povijest.net\/ca\/wp-content\/uploads\/2024\/01\/platforma_klio-150x150.jpg 150w\" sizes=\"auto, (max-width: 500px) 100vw, 500px\" \/><\/figure>\n\n\n\n<p>Voditelj projekta je <strong>Miljenko Hajdarovi\u0107<\/strong>. Kontaktirajte me putem e-maila ili mobitela.<\/p>\n\n\n\n<!--more-->\n\n\n\n<p>\ud83d\udce7 udruga@povijest.net<\/p>\n\n\n\n<p>\ud83d\udce2 +385 98 632 507<\/p>\n\n\n\n<p><strong>Dopisna adresa:<\/strong><\/p>\n\n\n\n<p>\ud83d\udcec Platforma Klio, Dr. Ive Ke\u010dke\u0161a 16, 40323 Prelog<\/p>\n\n\n\n<p><strong>OiB<\/strong>: 82810496515<\/p>\n\n\n\n<p class=\"has-small-font-size\"><strong>IBAN<\/strong>: HR3024840081135354642<\/p>\n\n\n\n<p class=\"has-small-font-size\"><strong>(EU) PIC<\/strong>: 880176837<\/p>\n\n\n\n<p class=\"has-small-font-size\"><strong>(EU) OID<\/strong>: E10345681<\/p>\n\n\n\n<h2 class=\"wp-block-heading\">Upravni odbor<\/h2>\n\n\n\n<p>Udrugu vodi Upravni odbor: Miljenko Hajdarovi\u0107 (predsjednik), Manuela Kujund\u017ei\u0107 (zamjenica predsjednika), Maja Luki\u0107 Pu\u0161kari\u0107, Helena Jilek Kubalek i Tomislav Bogdanovi\u0107.<\/p>\n\n\n\n<h2 class=\"wp-block-heading\">U\u010dlanite se<\/h2>\n\n\n\n<p><strong>U\u010dlaniti se mo\u017eete<\/strong><a href=\"https:\/\/povijest.net\/ca\/udruga\/uclanite-se\/\">&nbsp;ispunjavanjem&nbsp;online pristupnice<\/a>.<\/p>\n<\/div>\n\n\n\n<div class=\"wp-block-column is-layout-flow wp-block-column-is-layout-flow\" style=\"flex-basis:66.66%\">\n<p><strong>Platforma Klio<\/strong> je od 2021. interdisciplinarni i internacionalni projekt s ciljem <strong>unapre\u0111enja pou\u010davanja<\/strong> povijesti i <strong>osna\u017eivanja u\u010ditelja<\/strong> povijesti. Povijest kao \u0161kolski predmet prije svega mora doprinositi boljemu razumijevanju dru\u0161tva i dru\u0161tvenih odnosa temeljeno na istra\u017eivanju, tuma\u010denju i propitivanju povijesnih narativa. Podr\u017eavamo ideje i nastojanja Euroclio <a href=\"https:\/\/euroclio.eu\/wp-content\/uploads\/2016\/02\/EuroClio-Manifesto-on-high-quality-history-heritage-and-citizenship-education_Croatian.pdf\" target=\"_blank\" rel=\"noreferrer noopener\">manifesta o kvalitetnoj nastavi povijesti, gra\u0111anskom odgoju i obrazovanju te ba\u0161tinskoj edukaciji<\/a>. Platforma Klio je od srpnja 2023. godine <strong>udruga <\/strong>gra\u0111ana.<\/p>\n\n\n\n<p>Platforma Klio je od travnja 2025. godine punopravni \u010dlan <a href=\"https:\/\/euroclio.eu\/\">EUROCLIO-a<\/a>.<\/p>\n\n\n\n<p>Ciljevi Udruge su:<\/p>\n\n\n\n<ul class=\"wp-block-list\">\n<li>unapre\u0111enje pou\u010davanja povijesti na svim razinama formalnog i neformalnog obrazovanja,<\/li>\n\n\n\n<li>permanentno i cjelo\u017eivotno usavr\u0161avanje i obrazovanje,<\/li>\n\n\n\n<li>interdisciplinarno povezivanje pou\u010davanja povijesti sa srodnim znanostima koje promi\u010du politi\u010dku, gra\u0111ansku, ljudsko-pravnu i digitalnu pismenost,<\/li>\n\n\n\n<li>unapre\u0111enje istra\u017eivanja povijesti, propitivanje povijesnih narativa i kriti\u010dko razmi\u0161ljanje o pro\u0161losti,<\/li>\n\n\n\n<li>promocija povijesne znanosti i pou\u010davanja povijesti u javnosti,<\/li>\n\n\n\n<li>interdisciplinarno i internacionalno povezivanja u\u010ditelja, znanstvenika i zainteresirane javnosti.<\/li>\n<\/ul>\n\n\n\n<p>Preuzimanje Statuta udruge:<\/p>\n\n\n\n<div data-wp-interactive=\"core\/file\" class=\"wp-block-file\"><object data-wp-bind--hidden=\"!state.hasPdfPreview\" hidden class=\"wp-block-file__embed\" data=\"https:\/\/povijest.net\/ca\/wp-content\/uploads\/2024\/12\/statut-platforme-klio-ovjereni.pdf\" type=\"application\/pdf\" style=\"width:100%;height:600px\" aria-label=\"Ugra\u0111eno statut-platforme-klio-ovjereni.\"><\/object><a id=\"wp-block-file--media-5ce4fd47-fb61-4aea-b8f4-509bf6ec77c2\" href=\"https:\/\/povijest.net\/ca\/wp-content\/uploads\/2024\/12\/statut-platforme-klio-ovjereni.pdf\">statut-platforme-klio-ovjereni<\/a><a href=\"https:\/\/povijest.net\/ca\/wp-content\/uploads\/2024\/12\/statut-platforme-klio-ovjereni.pdf\" class=\"wp-block-file__button wp-element-button\" download aria-describedby=\"wp-block-file--media-5ce4fd47-fb61-4aea-b8f4-509bf6ec77c2\">Preuzmi<\/a><\/div>\n\n\n\n<p><\/p>\n<\/div>\n<\/div>\n","protected":false},"excerpt":{"rendered":"<p>Voditelj projekta je Miljenko Hajdarovi\u0107. Kontaktirajte me putem e-maila ili mobitela. Voditelj projekta je Miljenko Hajdarovi\u0107. Kontaktirajte me putem e-maila ili mobitela.<\/p>\n","protected":false},"author":1,"featured_media":0,"parent":0,"menu_order":0,"comment_status":"closed","ping_status":"closed","template":"","meta":{"_EventAllDay":false,"_EventTimezone":"","_EventStartDate":"","_EventEndDate":"","_EventStartDateUTC":"","_EventEndDateUTC":"","_EventShowMap":false,"_EventShowMapLink":false,"_EventURL":"","_EventCost":"","_EventCostDescription":"","_EventCurrencySymbol":"","_EventCurrencyCode":"","_EventCurrencyPosition":"","_EventDateTimeSeparator":"","_EventTimeRangeSeparator":"","_EventOrganizerID":[],"_EventVenueID":[],"_OrganizerEmail":"","_OrganizerPhone":"","_OrganizerWebsite":"","_VenueAddress":"","_VenueCity":"","_VenueCountry":"","_VenueProvince":"","_VenueState":"","_VenueZip":"","_VenuePhone":"","_VenueURL":"","_VenueStateProvince":"","_VenueLat":"","_VenueLng":"","_VenueShowMap":false,"_VenueShowMapLink":false,"footnotes":""},"class_list":["post-142","page","type-page","status-publish","hentry"],"_links":{"self":[{"href":"https:\/\/povijest.net\/ca\/wp-json\/wp\/v2\/pages\/142","targetHints":{"allow":["GET"]}}],"collection":[{"href":"https:\/\/povijest.net\/ca\/wp-json\/wp\/v2\/pages"}],"about":[{"href":"https:\/\/povijest.net\/ca\/wp-json\/wp\/v2\/types\/page"}],"author":[{"embeddable":true,"href":"https:\/\/povijest.net\/ca\/wp-json\/wp\/v2\/users\/1"}],"replies":[{"embeddable":true,"href":"https:\/\/povijest.net\/ca\/wp-json\/wp\/v2\/comments?post=142"}],"version-history":[{"count":13,"href":"https:\/\/povijest.net\/ca\/wp-json\/wp\/v2\/pages\/142\/revisions"}],"predecessor-version":[{"id":11757,"href":"https:\/\/povijest.net\/ca\/wp-json\/wp\/v2\/pages\/142\/revisions\/11757"}],"wp:attachment":[{"href":"https:\/\/povijest.net\/ca\/wp-json\/wp\/v2\/media?parent=142"}],"curies":[{"name":"wp","href":"https:\/\/api.w.org\/{rel}","templated":true}]}}